{"id":243,"date":"2024-03-27T11:56:47","date_gmt":"2024-03-27T11:56:47","guid":{"rendered":"https:\/\/www.mideavysavace.cz\/?post_type=product&#038;p=243"},"modified":"2024-06-12T14:36:21","modified_gmt":"2024-06-12T14:36:21","slug":"midea-v12-white","status":"publish","type":"product","link":"https:\/\/www.mideavysavace.cz\/?product=midea-v12-white","title":{"rendered":"Midea V12 White"},"content":{"rendered":"\t\t<div data-elementor-type=\"wp-post\" data-elementor-id=\"243\" class=\"elementor elementor-243\">\n\t\t\t\t<div class=\"elementor-element elementor-element-e725bf7 e-flex e-con-boxed e-con e-parent\" data-id=\"e725bf7\" data-element_type=\"container\">\n\t\t\t\t\t<div class=\"e-con-inner\">\n\t\t<div class=\"elementor-element elementor-element-7d688ad e-con-full e-flex e-con e-child\" data-id=\"7d688ad\" data-element_type=\"container\">\n\t\t\t\t<div class=\"elementor-element elementor-element-9875504 elementor-widget elementor-widget-image\" data-id=\"9875504\" data-element_type=\"widget\" data-widget_type=\"image.default\">\n\t\t\t\t<div class=\"elementor-widget-container\">\n\t\t\t<style>\/*! elementor - v3.21.0 - 26-05-2024 *\/\n.elementor-widget-image{text-align:center}.elementor-widget-image a{display:inline-block}.elementor-widget-image a img[src$=\".svg\"]{width:48px}.elementor-widget-image img{vertical-align:middle;display:inline-block}<\/style>\t\t\t\t\t\t\t\t\t\t<img fetchpriority=\"high\" decoding=\"async\" width=\"868\" height=\"1024\" src=\"https:\/\/www.mideavysavace.cz\/wp-content\/uploads\/2024\/03\/01_white-868x1024.jpg\" class=\"attachment-large size-large wp-image-599\" alt=\"\" srcset=\"https:\/\/www.mideavysavace.cz\/wp-content\/uploads\/2024\/03\/01_white-868x1024.jpg 868w, https:\/\/www.mideavysavace.cz\/wp-content\/uploads\/2024\/03\/01_white-254x300.jpg 254w, https:\/\/www.mideavysavace.cz\/wp-content\/uploads\/2024\/03\/01_white-768x906.jpg 768w, https:\/\/www.mideavysavace.cz\/wp-content\/uploads\/2024\/03\/01_white-1302x1536.jpg 1302w, https:\/\/www.mideavysavace.cz\/wp-content\/uploads\/2024\/03\/01_white-600x708.jpg 600w, https:\/\/www.mideavysavace.cz\/wp-content\/uploads\/2024\/03\/01_white.jpg 1672w\" sizes=\"(max-width: 868px) 100vw, 868px\" \/>\t\t\t\t\t\t\t\t\t\t\t\t\t<\/div>\n\t\t\t\t<\/div>\n\t\t\t\t<\/div>\n\t\t<div class=\"elementor-element elementor-element-da43691 e-con-full e-flex e-con e-child\" data-id=\"da43691\" data-element_type=\"container\">\n\t\t\t\t<div class=\"elementor-element elementor-element-14b311c elementor-widget elementor-widget-text-editor\" data-id=\"14b311c\" data-element_type=\"widget\" data-widget_type=\"text-editor.default\">\n\t\t\t\t<div class=\"elementor-widget-container\">\n\t\t\t<style>\/*! elementor - v3.21.0 - 26-05-2024 *\/\n.elementor-widget-text-editor.elementor-drop-cap-view-stacked .elementor-drop-cap{background-color:#69727d;color:#fff}.elementor-widget-text-editor.elementor-drop-cap-view-framed .elementor-drop-cap{color:#69727d;border:3px solid;background-color:transparent}.elementor-widget-text-editor:not(.elementor-drop-cap-view-default) .elementor-drop-cap{margin-top:8px}.elementor-widget-text-editor:not(.elementor-drop-cap-view-default) .elementor-drop-cap-letter{width:1em;height:1em}.elementor-widget-text-editor .elementor-drop-cap{float:left;text-align:center;line-height:1;font-size:50px}.elementor-widget-text-editor .elementor-drop-cap-letter{display:inline-block}<\/style>\t\t\t\t<h3 style=\"text-align: center;\">Autonomn\u00ed samo\u010distic\u00ed stanice<\/h3><p style=\"text-align: center;\">Robotick\u00fd vysava\u010d Midea V12 disponuje <strong>autonomn\u00ed samo\u010distic\u00ed stanic\u00ed se samostatn\u00fdmi objemn\u00fdmi z\u00e1sobn\u00edky na \u010distou a \u0161pinavou vodu<\/strong> (z\u00e1sobn\u00edk na \u010distou vodu m\u00e1 objem 4,6 litru, na \u0161pinavou vodu 4 litry). Na tuto z\u00e1kladnu se p\u0159itom robot automaticky <strong>vrac\u00ed i b\u011bhem samotn\u00e9ho \u00faklidu<\/strong> \u2013 aby se zde zbavil posb\u00edran\u00fdch ne\u010distot, pr\u016fb\u011b\u017en\u011b o\u010distil mopovac\u00ed podu\u0161ky a p\u0159\u00edpadn\u011b dobil baterii. Sou\u010d\u00e1st\u00ed stanice je i speci\u00e1ln\u00ed <strong>ut\u011bsn\u011bn\u00e1 komora<\/strong> s antialergick\u00fdm prachov\u00fdm s\u00e1\u010dkem o objemu 3 litry. Prach je do sb\u011brn\u00e9 stanice automaticky nas\u00e1v\u00e1n podtlakem o s\u00edle a\u017e 21 kPa, p\u0159i\u010dem\u017e za b\u011b\u017en\u00e9ho provozu s\u00e1\u010dek vydr\u017e\u00ed a\u017e 60 dn\u00ed.<\/p><p style=\"text-align: center;\">Na konci \u00faklidov\u00e9ho cyklu nav\u00edc vysava\u010d <strong>vypere mopovac\u00ed podu\u0161ky<\/strong> <strong>a je\u0161t\u011b je dosu\u0161\u00ed hork\u00fdm vzduchem<\/strong> o teplot\u011b 55\u00b0 C. Automatick\u00e9 vysou\u0161en\u00ed p\u0159itom zabra\u0148uje mno\u017een\u00ed bakteri\u00ed a eliminuje z\u00e1pach, kter\u00fd b\u011b\u017en\u011b vznik\u00e1 ve vlhk\u00e9m prost\u0159ed\u00ed<\/p>\t\t\t\t\t\t<\/div>\n\t\t\t\t<\/div>\n\t\t\t\t<\/div>\n\t\t\t\t\t<\/div>\n\t\t\t\t<\/div>\n\t\t<div class=\"elementor-element elementor-element-e22cfb7 e-flex e-con-boxed e-con e-parent\" data-id=\"e22cfb7\" data-element_type=\"container\">\n\t\t\t\t\t<div class=\"e-con-inner\">\n\t\t<div class=\"elementor-element elementor-element-83adcd3 e-con-full e-flex e-con e-child\" data-id=\"83adcd3\" data-element_type=\"container\">\n\t\t\t\t<div class=\"elementor-element elementor-element-5f964ac elementor-widget elementor-widget-text-editor\" data-id=\"5f964ac\" data-element_type=\"widget\" data-widget_type=\"text-editor.default\">\n\t\t\t\t<div class=\"elementor-widget-container\">\n\t\t\t\t\t\t\t<h3 style=\"text-align: center;\">Pokro\u010dil\u00e9 technologie a skv\u011bl\u00fd v\u00fdkon<\/h3><p style=\"text-align: center;\">Tento robotick\u00fd vysava\u010d vyu\u017e\u00edv\u00e1 celou \u0159adu nov\u00fdch technologi\u00ed a algoritm\u016f, d\u00edky nim\u017e v\u00a0mnoh\u00e9m p\u0159evy\u0161uje konkurenci. Py\u0161n\u00ed se mimo\u0159\u00e1dn\u011b <strong>siln\u00fdm sac\u00edm v\u00fdkonem<\/strong> (a\u017e 5000 Pa), tak\u017ee podlahu vys\u00e1v\u00e1 opravdu \u00fa\u010dinn\u011b. Tak\u00e9 vyu\u017e\u00edv\u00e1 pokro\u010dil\u00e9 <strong>360\u00b0 laserov\u00e9 m\u011b\u0159en\u00ed LiDAR<\/strong> s\u00a0vylep\u0161en\u00fdm 3D skenov\u00e1n\u00edm <strong>NaviPolaris 5.0<\/strong>, d\u00edky \u010demu\u017e se ve va\u0161em dom\u011b \u010di byt\u011b perfektn\u011b orientuje \u2013 pomoc\u00ed laserov\u00e9 navigace vytv\u00e1\u0159\u00ed virtu\u00e1ln\u00ed mapy a na z\u00e1klad\u011b nich si pak vol\u00ed nejlep\u0161\u00ed mo\u017enou trasu pro \u00faklid. V\u00a0neposledn\u00ed \u0159ad\u011b se pak dok\u00e1\u017ee dynamicky <strong>vyh\u00fdbat n\u00e1bytku<\/strong>, <strong>rozpozn\u00e1vat schody<\/strong> nebo <strong>identifikovat rozli\u010dn\u00e9 p\u0159edm\u011bty<\/strong> poh\u00e1zen\u00e9 na podlaze.<\/p><p style=\"text-align: center;\">\u00daklid s\u00a0t\u00edmto robotem prob\u00edh\u00e1 bezpe\u010dn\u011b i d\u00edky plynul\u00e9mu pohybu po cel\u00e9 plo\u0161e pomoc\u00ed <strong>inteligentn\u00edho syst\u00e9mu pro rozpozn\u00e1v\u00e1n\u00ed a obch\u00e1zen\u00ed p\u0159ek\u00e1\u017eek<\/strong> s\u00a0p\u0159esnost\u00ed a\u017e 5 mm.<\/p>\t\t\t\t\t\t<\/div>\n\t\t\t\t<\/div>\n\t\t\t\t<\/div>\n\t\t<div class=\"elementor-element elementor-element-ebd8616 e-con-full e-flex e-con e-child\" data-id=\"ebd8616\" data-element_type=\"container\">\n\t\t\t\t<div class=\"elementor-element elementor-element-bef7a03 elementor-widget elementor-widget-image\" data-id=\"bef7a03\" data-element_type=\"widget\" data-widget_type=\"image.default\">\n\t\t\t\t<div class=\"elementor-widget-container\">\n\t\t\t\t\t\t\t\t\t\t\t\t\t<img decoding=\"async\" width=\"973\" height=\"1024\" src=\"https:\/\/www.mideavysavace.cz\/wp-content\/uploads\/2024\/03\/02_white-973x1024.jpg\" class=\"attachment-large size-large wp-image-600\" alt=\"\" srcset=\"https:\/\/www.mideavysavace.cz\/wp-content\/uploads\/2024\/03\/02_white-973x1024.jpg 973w, https:\/\/www.mideavysavace.cz\/wp-content\/uploads\/2024\/03\/02_white-285x300.jpg 285w, https:\/\/www.mideavysavace.cz\/wp-content\/uploads\/2024\/03\/02_white-768x809.jpg 768w, https:\/\/www.mideavysavace.cz\/wp-content\/uploads\/2024\/03\/02_white-1459x1536.jpg 1459w, https:\/\/www.mideavysavace.cz\/wp-content\/uploads\/2024\/03\/02_white-1945x2048.jpg 1945w, https:\/\/www.mideavysavace.cz\/wp-content\/uploads\/2024\/03\/02_white-600x632.jpg 600w\" sizes=\"(max-width: 973px) 100vw, 973px\" \/>\t\t\t\t\t\t\t\t\t\t\t\t\t<\/div>\n\t\t\t\t<\/div>\n\t\t\t\t<\/div>\n\t\t\t\t\t<\/div>\n\t\t\t\t<\/div>\n\t\t<div class=\"elementor-element elementor-element-35f7cab e-flex e-con-boxed e-con e-parent\" data-id=\"35f7cab\" data-element_type=\"container\">\n\t\t\t\t\t<div class=\"e-con-inner\">\n\t\t<div class=\"elementor-element elementor-element-4a8e058 e-con-full e-flex e-con e-child\" data-id=\"4a8e058\" data-element_type=\"container\">\n\t\t\t\t<div class=\"elementor-element elementor-element-4b88255 elementor-widget elementor-widget-image\" data-id=\"4b88255\" data-element_type=\"widget\" data-widget_type=\"image.default\">\n\t\t\t\t<div class=\"elementor-widget-container\">\n\t\t\t\t\t\t\t\t\t\t\t\t\t<img decoding=\"async\" width=\"980\" height=\"1024\" src=\"https:\/\/www.mideavysavace.cz\/wp-content\/uploads\/2024\/03\/03_white-980x1024.jpg\" class=\"attachment-large size-large wp-image-601\" alt=\"\" srcset=\"https:\/\/www.mideavysavace.cz\/wp-content\/uploads\/2024\/03\/03_white-980x1024.jpg 980w, https:\/\/www.mideavysavace.cz\/wp-content\/uploads\/2024\/03\/03_white-287x300.jpg 287w, https:\/\/www.mideavysavace.cz\/wp-content\/uploads\/2024\/03\/03_white-768x802.jpg 768w, https:\/\/www.mideavysavace.cz\/wp-content\/uploads\/2024\/03\/03_white-1470x1536.jpg 1470w, https:\/\/www.mideavysavace.cz\/wp-content\/uploads\/2024\/03\/03_white-1960x2048.jpg 1960w, https:\/\/www.mideavysavace.cz\/wp-content\/uploads\/2024\/03\/03_white-600x627.jpg 600w\" sizes=\"(max-width: 980px) 100vw, 980px\" \/>\t\t\t\t\t\t\t\t\t\t\t\t\t<\/div>\n\t\t\t\t<\/div>\n\t\t\t\t<\/div>\n\t\t<div class=\"elementor-element elementor-element-3a8bca7 e-con-full e-flex e-con e-child\" data-id=\"3a8bca7\" data-element_type=\"container\">\n\t\t\t\t<div class=\"elementor-element elementor-element-54ddcc6 elementor-widget elementor-widget-text-editor\" data-id=\"54ddcc6\" data-element_type=\"widget\" data-widget_type=\"text-editor.default\">\n\t\t\t\t<div class=\"elementor-widget-container\">\n\t\t\t\t\t\t\t<h3 style=\"text-align: center;\">Vysaje i vyt\u0159e za v\u00e1s<\/h3><p style=\"text-align: center;\">D\u00edky pokro\u010dil\u00e9mu robotick\u00e9mu vysava\u010di <strong>Midea V12<\/strong> m\u016f\u017eete odlo\u017eit do kouta nejen ko\u0161t\u011b a klasick\u00fd lux, ale dokonce i mop \u010di hadr s\u00a0k\u00fdblem. Jedn\u00e1 se toti\u017e o vysp\u011bl\u00fd p\u0159\u00edstroj, kter\u00fd dok\u00e1\u017ee va\u0161e podlahy uklidit od A do Z. Automaticky <strong>posb\u00edr\u00e1 prach a dal\u0161\u00ed ne\u010distoty z\u00a0tvrd\u00fdch podlah i koberc\u016f<\/strong> a prost\u0159ednictv\u00edm <strong>funkce mopov\u00e1n\u00ed<\/strong> um\u00ed i vyt\u00edrat \u2013 vyu\u017e\u00edv\u00e1 k\u00a0tomu hned 2 rotuj\u00edc\u00ed podu\u0161ky s\u00a0p\u0159\u00edtlakem. Doc\u00edl\u00edte s\u00a0n\u00edm tak velmi precizn\u00edho \u00faklidu dom\u00e1cnosti, p\u0159i\u010dem\u017e vy sami se mezit\u00edm m\u016f\u017eete v\u011bnovat daleko p\u0159\u00edjemn\u011bj\u0161\u00edm \u010dinnostem.<\/p><h3 style=\"text-align: center;\">Dal\u0161\u00ed \u010dlen chytr\u00e9 dom\u00e1cnosti<\/h3><p style=\"text-align: center;\">Pokud vyu\u017e\u00edv\u00e1te modern\u00ed syst\u00e9m chytr\u00e9 dom\u00e1cnosti, ur\u010dit\u011b ocen\u00edte i fakt, \u017ee je tento robotick\u00fd vysava\u010d kompatibiln\u00ed i se syst\u00e9my hlasov\u00e9ho ovl\u00e1d\u00e1n\u00ed <strong>Google Home<\/strong> a <strong>Amazon Alexa<\/strong>. \u00daklidu podlah tak m\u016f\u017eete velet nejen pomoc\u00ed mobilu, ale i prost\u0159ednictv\u00edm hlasov\u00fdch pokyn\u016f.<\/p>\t\t\t\t\t\t<\/div>\n\t\t\t\t<\/div>\n\t\t\t\t<\/div>\n\t\t\t\t\t<\/div>\n\t\t\t\t<\/div>\n\t\t<div class=\"elementor-element elementor-element-7c7d2d0 e-flex e-con-boxed e-con e-parent\" data-id=\"7c7d2d0\" data-element_type=\"container\">\n\t\t\t\t\t<div class=\"e-con-inner\">\n\t\t<div class=\"elementor-element elementor-element-50e0c1c e-con-full e-flex e-con e-child\" data-id=\"50e0c1c\" data-element_type=\"container\">\n\t\t\t\t<div class=\"elementor-element elementor-element-38e94a6 elementor-widget elementor-widget-text-editor\" data-id=\"38e94a6\" data-element_type=\"widget\" data-widget_type=\"text-editor.default\">\n\t\t\t\t<div class=\"elementor-widget-container\">\n\t\t\t\t\t\t\t<h3 style=\"text-align: center;\">P\u0159izp\u016fsobte \u00faklid vlastn\u00edm pot\u0159eb\u00e1m<\/h3><p style=\"text-align: center;\">Vysp\u011blost tohoto robotick\u00e9ho vysava\u010de dokl\u00e1d\u00e1 i mo\u017enost jeho p\u0159ipojen\u00ed k\u00a0<strong>Wi-Fi<\/strong> a n\u00e1sledn\u00e9ho ovl\u00e1d\u00e1n\u00ed p\u0159es mobil. Midea V12 je kompatibiln\u00ed s\u00a0<strong>chytrou aplikac\u00ed<\/strong> <strong>Midea SmartHome<\/strong>, kter\u00e1 sk\u00fdt\u00e1 spoustu mo\u017enost\u00ed. Mimo jin\u00e9 si v\u00a0n\u00ed m\u016f\u017eete nastavit zak\u00e1zan\u00e9 z\u00f3ny, do nich\u017e vysava\u010d nesm\u00ed vstupovat, nebo virtu\u00e1ln\u00ed st\u011bny (oblasti, kter\u00fdm se m\u00e1 robot p\u0159i \u00faklidu vyhnout). Tak\u00e9 si m\u00e1te mo\u017enost stanovit z\u00f3ny, kde robot nem\u00e1 vyt\u00edrat, ale jen vys\u00e1vat. A samoz\u0159ejm\u011b si m\u016f\u017eete vytvo\u0159it i pravideln\u00fd pl\u00e1n \u00faklidu, volit konkr\u00e9tn\u00ed m\u00edstnosti pro \u00faklid nebo nastavovat frekvenci samo\u010di\u0161t\u011bn\u00ed.<\/p><p style=\"text-align: center;\">V\u00a0rodin\u00e1ch s\u00a0d\u011btmi p\u0159ijde vhod i <strong>d\u011btsk\u00fd z\u00e1mek<\/strong>, kter\u00fd m\u016f\u017ee zabr\u00e1nit ne\u017e\u00e1douc\u00ed manipulaci s\u00a0vysava\u010dem. Jeho z\u00e1sluhou se nemus\u00edte ni\u010deho ob\u00e1vat, ani kdy\u017e va\u0161e ratolesti za\u010dnou znenad\u00e1n\u00ed zb\u016fhdarma ma\u010dkat tla\u010d\u00edtka.<\/p>\t\t\t\t\t\t<\/div>\n\t\t\t\t<\/div>\n\t\t\t\t<\/div>\n\t\t<div class=\"elementor-element elementor-element-4da3e8c e-con-full e-flex e-con e-child\" data-id=\"4da3e8c\" data-element_type=\"container\">\n\t\t\t\t<div class=\"elementor-element elementor-element-b0427a1 elementor-widget elementor-widget-image\" data-id=\"b0427a1\" data-element_type=\"widget\" data-widget_type=\"image.default\">\n\t\t\t\t<div class=\"elementor-widget-container\">\n\t\t\t\t\t\t\t\t\t\t\t\t\t<img loading=\"lazy\" decoding=\"async\" width=\"605\" height=\"512\" src=\"https:\/\/www.mideavysavace.cz\/wp-content\/uploads\/2024\/03\/04_white.jpg\" class=\"attachment-large size-large wp-image-602\" alt=\"\" srcset=\"https:\/\/www.mideavysavace.cz\/wp-content\/uploads\/2024\/03\/04_white.jpg 605w, https:\/\/www.mideavysavace.cz\/wp-content\/uploads\/2024\/03\/04_white-300x254.jpg 300w, https:\/\/www.mideavysavace.cz\/wp-content\/uploads\/2024\/03\/04_white-600x508.jpg 600w\" sizes=\"(max-width: 605px) 100vw, 605px\" \/>\t\t\t\t\t\t\t\t\t\t\t\t\t<\/div>\n\t\t\t\t<\/div>\n\t\t\t\t<\/div>\n\t\t\t\t\t<\/div>\n\t\t\t\t<\/div>\n\t\t\t\t<\/div>\n\t\t","protected":false},"excerpt":{"rendered":"<ul>\n<li>mimo\u0159\u00e1dn\u011b siln\u00fd sac\u00ed v\u00fdkon (a\u017e 5000 Pa)<\/li>\n<li>excelentn\u00ed \u010dist\u00edc\u00ed v\u00fdkon se \u010dty\u0159mi re\u017eimy<\/li>\n<li>autonomn\u00ed samo\u010distic\u00ed stanice se z\u00e1sobn\u00edky na \u010distou a \u0161pinavou vodu<\/li>\n<li>automatick\u00fd sb\u011br prachu, automatick\u00e9 \u010di\u0161t\u011bn\u00ed mopu a ods\u00e1v\u00e1n\u00ed prachu z vysava\u010de do sb\u011brn\u00e9ho s\u00e1\u010dku<\/li>\n<li>speci\u00e1ln\u00ed ut\u011bsn\u011bn\u00e1 komora s hypoalergenn\u00edm prachov\u00fdm s\u00e1\u010dkem<\/li>\n<li>pokro\u010dil\u00e9 360\u00b0 laserov\u00e9 m\u011b\u0159en\u00ed LiDAR s vylep\u0161en\u00fdm 3D skenov\u00e1n\u00edm NaviPolaris 5.0<\/li>\n<li>vytvo\u0159en\u00ed virtu\u00e1ln\u00ed mapy a volba nejlep\u0161\u00ed mo\u017en\u00e9 trasy pro \u00faklid<\/li>\n<li>rychl\u00e9 zmapov\u00e1n\u00ed m\u00edstnosti (a\u017e 180 m2 za 10 minut)<\/li>\n<li>inteligentn\u00ed syst\u00e9m pro rozpozn\u00e1v\u00e1n\u00ed a obch\u00e1zen\u00ed p\u0159ek\u00e1\u017eek s p\u0159esnost\u00ed a\u017e 5 mm<\/li>\n<li>mo\u017enost nastaven\u00ed zak\u00e1zan\u00fdch z\u00f3n nebo virtu\u00e1ln\u00edch st\u011bn<\/li>\n<li>pokro\u010dil\u00e1 funkce mopov\u00e1n\u00ed zaji\u0161\u0165uj\u00edc\u00ed kompletn\u00ed p\u00e9\u010di o podlahy<\/li>\n<li>p\u0159izp\u016fsob\u00ed se r\u016fzn\u00fdm typ\u016fm podlah (dla\u017eba, d\u0159evo, koberec)<\/li>\n<li>Wi-Fi p\u0159ipojen\u00ed a kompatibilita s chytrou mobiln\u00ed aplikac\u00ed Midea SmartHome \u2013 <a href=\"http:\/\/www.mideavysavace.cz\/wp-content\/uploads\/2024\/03\/QR_aplikace_CZ.jpg\">ke sta\u017een\u00ed zde<\/a><\/li>\n<li>mo\u017enost nastaven\u00ed pl\u00e1nu \u00faklidu, konkr\u00e9tn\u00ed m\u00edstnosti, zp\u016fsob \u00faklidu a frekvence samo\u010di\u0161t\u011bn\u00ed<\/li>\n<li>kompatibilita se syst\u00e9my hlasov\u00e9ho ovl\u00e1d\u00e1n\u00ed Google Home a Amazon Alexa<\/li>\n<li><a href=\"http:\/\/www.mideavysavace.cz\/wp-content\/uploads\/2024\/03\/MIDEA-V12-Rychly-pruvodce-CZ.pdf\">MIDEA V12 Rychl\u00fd pr\u016fvodce CZ<\/a><\/li>\n<li><a href=\"http:\/\/www.mideavysavace.cz\/wp-content\/uploads\/2024\/03\/MIDEA-V12-Rychly-pruvodce-SK.pdf\">MIDEA V12 Rychl\u00fd pr\u016fvodce SK<\/a><\/li>\n<\/ul>\n","protected":false},"featured_media":244,"template":"","meta":{"site-sidebar-layout":"default","site-content-layout":"","ast-site-content-layout":"default","site-content-style":"default","site-sidebar-style":"default","ast-global-header-display":"","ast-banner-title-visibility":"","ast-main-header-display":"","ast-hfb-above-header-display":"","ast-hfb-below-header-display":"","ast-hfb-mobile-header-display":"disabled","site-post-title":"disabled","ast-breadcrumbs-content":"disabled","ast-featured-img":"disabled","footer-sml-layout":"disabled","theme-transparent-header-meta":"default","adv-header-id-meta":"","stick-header-meta":"","header-above-stick-meta":"","header-main-stick-meta":"","header-below-stick-meta":"","astra-migrate-meta-layouts":"set","ast-page-background-enabled":"default","ast-page-background-meta":{"desktop":{"background-color":"var(--ast-global-color-4)","background-image":"","background-repeat":"repeat","background-position":"center center","background-size":"auto","background-attachment":"scroll","background-type":"","background-media":"","overlay-type":"","overlay-color":"","overlay-gradient":""},"tablet":{"background-color":"","background-image":"","background-repeat":"repeat","background-position":"center center","background-size":"auto","background-attachment":"scroll","background-type":"","background-media":"","overlay-type":"","overlay-color":"","overlay-gradient":""},"mobile":{"background-color":"","background-image":"","background-repeat":"repeat","background-position":"center center","background-size":"auto","background-attachment":"scroll","background-type":"","background-media":"","overlay-type":"","overlay-color":"","overlay-gradient":""}},"ast-content-background-meta":{"desktop":{"background-color":"var(--ast-global-color-5)","background-image":"","background-repeat":"repeat","background-position":"center center","background-size":"auto","background-attachment":"scroll","background-type":"","background-media":"","overlay-type":"","overlay-color":"","overlay-gradient":""},"tablet":{"background-color":"var(--ast-global-color-5)","background-image":"","background-repeat":"repeat","background-position":"center center","background-size":"auto","background-attachment":"scroll","background-type":"","background-media":"","overlay-type":"","overlay-color":"","overlay-gradient":""},"mobile":{"background-color":"var(--ast-global-color-5)","background-image":"","background-repeat":"repeat","background-position":"center center","background-size":"auto","background-attachment":"scroll","background-type":"","background-media":"","overlay-type":"","overlay-color":"","overlay-gradient":""}}},"product_brand":[],"product_cat":[24],"product_tag":[],"class_list":{"0":"post-243","1":"product","2":"type-product","3":"status-publish","4":"has-post-thumbnail","6":"product_cat-roboticke-vysavace","7":"desktop-align-left","8":"tablet-align-left","9":"mobile-align-left","11":"first","12":"instock","13":"shipping-taxable","14":"product-type-simple"},"_links":{"self":[{"href":"https:\/\/www.mideavysavace.cz\/index.php?rest_route=\/wp\/v2\/product\/243","targetHints":{"allow":["GET"]}}],"collection":[{"href":"https:\/\/www.mideavysavace.cz\/index.php?rest_route=\/wp\/v2\/product"}],"about":[{"href":"https:\/\/www.mideavysavace.cz\/index.php?rest_route=\/wp\/v2\/types\/product"}],"version-history":[{"count":18,"href":"https:\/\/www.mideavysavace.cz\/index.php?rest_route=\/wp\/v2\/product\/243\/revisions"}],"predecessor-version":[{"id":704,"href":"https:\/\/www.mideavysavace.cz\/index.php?rest_route=\/wp\/v2\/product\/243\/revisions\/704"}],"wp:featuredmedia":[{"embeddable":true,"href":"https:\/\/www.mideavysavace.cz\/index.php?rest_route=\/wp\/v2\/media\/244"}],"wp:attachment":[{"href":"https:\/\/www.mideavysavace.cz\/index.php?rest_route=%2Fwp%2Fv2%2Fmedia&parent=243"}],"wp:term":[{"taxonomy":"product_brand","embeddable":true,"href":"https:\/\/www.mideavysavace.cz\/index.php?rest_route=%2Fwp%2Fv2%2Fproduct_brand&post=243"},{"taxonomy":"product_cat","embeddable":true,"href":"https:\/\/www.mideavysavace.cz\/index.php?rest_route=%2Fwp%2Fv2%2Fproduct_cat&post=243"},{"taxonomy":"product_tag","embeddable":true,"href":"https:\/\/www.mideavysavace.cz\/index.php?rest_route=%2Fwp%2Fv2%2Fproduct_tag&post=243"}],"curies":[{"name":"wp","href":"https:\/\/api.w.org\/{rel}","templated":true}]}}