{"id":151,"date":"2024-02-28T14:59:33","date_gmt":"2024-02-28T14:59:33","guid":{"rendered":"https:\/\/www.mideavysavace.cz\/?post_type=product&#038;p=151"},"modified":"2024-06-12T13:53:08","modified_gmt":"2024-06-12T13:53:08","slug":"midea-i5c","status":"publish","type":"product","link":"https:\/\/www.mideavysavace.cz\/?product=midea-i5c","title":{"rendered":"Midea i5C"},"content":{"rendered":"\t\t<div data-elementor-type=\"wp-post\" data-elementor-id=\"151\" class=\"elementor elementor-151\">\n\t\t\t\t<div class=\"elementor-element elementor-element-b520626 e-flex e-con-boxed e-con e-parent\" data-id=\"b520626\" data-element_type=\"container\">\n\t\t\t\t\t<div class=\"e-con-inner\">\n\t\t<div class=\"elementor-element elementor-element-eb882c3 e-con-full e-flex e-con e-child\" data-id=\"eb882c3\" data-element_type=\"container\">\n\t\t\t\t<div class=\"elementor-element elementor-element-91ccc87 elementor-widget elementor-widget-text-editor\" data-id=\"91ccc87\" data-element_type=\"widget\" data-widget_type=\"text-editor.default\">\n\t\t\t\t<div class=\"elementor-widget-container\">\n\t\t\t<style>\/*! elementor - v3.21.0 - 26-05-2024 *\/\n.elementor-widget-text-editor.elementor-drop-cap-view-stacked .elementor-drop-cap{background-color:#69727d;color:#fff}.elementor-widget-text-editor.elementor-drop-cap-view-framed .elementor-drop-cap{color:#69727d;border:3px solid;background-color:transparent}.elementor-widget-text-editor:not(.elementor-drop-cap-view-default) .elementor-drop-cap{margin-top:8px}.elementor-widget-text-editor:not(.elementor-drop-cap-view-default) .elementor-drop-cap-letter{width:1em;height:1em}.elementor-widget-text-editor .elementor-drop-cap{float:left;text-align:center;line-height:1;font-size:50px}.elementor-widget-text-editor .elementor-drop-cap-letter{display:inline-block}<\/style>\t\t\t\t<h3 style=\"text-align: center;\">Nechte \u00faklid na robotovi<\/h3><p>Zamet\u00e1n\u00ed, vys\u00e1v\u00e1n\u00ed a vyt\u00edr\u00e1n\u00ed. To v\u0161e jsou \u010dinnosti, kter\u00e9 m\u016f\u017eete od nyn\u011bj\u0161ka pustit z hlavy \u2013 ve va\u0161\u00ed dom\u00e1cnosti se o n\u011b postar\u00e1 robotick\u00fd vysava\u010d <strong><a href=\"https:\/\/www.mideavysavace.cz\" target=\"_blank\" rel=\"noopener\">Midea<\/a> i5C<\/strong>. Tento modern\u00ed spot\u0159ebi\u010d nab\u00edz\u00ed <strong>\u010dtve\u0159ici \u00faklidov\u00fdch re\u017eim\u016f<\/strong>, kter\u00e9 jsou z\u00e1rukou perfektn\u00ed \u010distoty cel\u00e9ho va\u0161eho bytu \u010di rodinn\u00e9ho domu. Vyu\u017e\u00edv\u00e1 pokro\u010dilou <strong>gyroskopickou navigaci<\/strong>, jej\u00edm\u017e prost\u0159ednictv\u00edm si chyt\u0159e napl\u00e1nuje trasu, a tak u v\u00e1s doma vy\u010dist\u00ed ka\u017edi\u010dk\u00e9 z\u00e1kout\u00ed. P\u0159isp\u011bje k tomu i \u0161pi\u010dkov\u00fd <strong>BLDC motor se t\u0159emi \u00farovn\u011bmi v\u00fdkonu a vysokou sac\u00ed silou 4000 Pa<\/strong>, d\u00e1le <strong>cel\u00e1 \u0159ada senzor\u016f<\/strong> pro dokonalou orientaci vysava\u010de v prostoru a v neposledn\u00ed \u0159ad\u011b tak\u00e9 <strong>plovouc\u00ed v\u00e1le\u010dkov\u00fd kart\u00e1\u010d<\/strong> pro \u010di\u0161t\u011bn\u00ed nerovn\u00fdch povrch\u016f.<\/p><p>Nap\u00e1jen\u00ed vysava\u010de obstar\u00e1v\u00e1 <strong>2600mAh baterie<\/strong>, kter\u00e1 sta\u010d\u00ed a\u017e na <strong>90 minut<\/strong> nep\u0159etr\u017eit\u00e9ho \u00faklidu (cca 100 metr\u016f \u010dtvere\u010dn\u00edch plochy). V\u00fdhodou je p\u0159itom i funkce <strong>automatick\u00e9ho n\u00e1vratu do dokovac\u00ed stanice<\/strong>, d\u00edky n\u00ed\u017e se spot\u0159ebi\u010d po skon\u010den\u00ed \u00faklidov\u00fdch prac\u00ed s\u00e1m vr\u00e1t\u00ed na sv\u00e9 m\u00edsto, kde se pak automaticky dobije<\/p>\t\t\t\t\t\t<\/div>\n\t\t\t\t<\/div>\n\t\t\t\t<\/div>\n\t\t<div class=\"elementor-element elementor-element-6896bd1 e-con-full e-flex e-con e-child\" data-id=\"6896bd1\" data-element_type=\"container\">\n\t\t\t\t<div class=\"elementor-element elementor-element-fe99f29 elementor-widget elementor-widget-video\" data-id=\"fe99f29\" data-element_type=\"widget\" data-settings=\"{&quot;youtube_url&quot;:&quot;https:\\\/\\\/www.youtube.com\\\/watch?v=89NRvQNlwiY&quot;,&quot;video_type&quot;:&quot;youtube&quot;,&quot;controls&quot;:&quot;yes&quot;}\" data-widget_type=\"video.default\">\n\t\t\t\t<div class=\"elementor-widget-container\">\n\t\t\t<style>\/*! elementor - v3.21.0 - 26-05-2024 *\/\n.elementor-widget-video .elementor-widget-container{overflow:hidden;transform:translateZ(0)}.elementor-widget-video .elementor-wrapper{aspect-ratio:var(--video-aspect-ratio)}.elementor-widget-video .elementor-wrapper iframe,.elementor-widget-video .elementor-wrapper video{height:100%;width:100%;display:flex;border:none;background-color:#000}@supports not (aspect-ratio:1\/1){.elementor-widget-video .elementor-wrapper{position:relative;overflow:hidden;height:0;padding-bottom:calc(100% \/ var(--video-aspect-ratio))}.elementor-widget-video .elementor-wrapper iframe,.elementor-widget-video .elementor-wrapper video{position:absolute;top:0;right:0;bottom:0;left:0}}.elementor-widget-video .elementor-open-inline .elementor-custom-embed-image-overlay{position:absolute;top:0;right:0;bottom:0;left:0;background-size:cover;background-position:50%}.elementor-widget-video .elementor-custom-embed-image-overlay{cursor:pointer;text-align:center}.elementor-widget-video .elementor-custom-embed-image-overlay:hover .elementor-custom-embed-play i{opacity:1}.elementor-widget-video .elementor-custom-embed-image-overlay img{display:block;width:100%;aspect-ratio:var(--video-aspect-ratio);-o-object-fit:cover;object-fit:cover;-o-object-position:center center;object-position:center center}@supports not (aspect-ratio:1\/1){.elementor-widget-video .elementor-custom-embed-image-overlay{position:relative;overflow:hidden;height:0;padding-bottom:calc(100% \/ var(--video-aspect-ratio))}.elementor-widget-video .elementor-custom-embed-image-overlay img{position:absolute;top:0;right:0;bottom:0;left:0}}.elementor-widget-video .e-hosted-video .elementor-video{-o-object-fit:cover;object-fit:cover}.e-con-inner>.elementor-widget-video,.e-con>.elementor-widget-video{width:var(--container-widget-width);--flex-grow:var(--container-widget-flex-grow)}<\/style>\t\t<div class=\"elementor-wrapper elementor-open-inline\">\n\t\t\t<div class=\"elementor-video\"><\/div>\t\t<\/div>\n\t\t\t\t<\/div>\n\t\t\t\t<\/div>\n\t\t\t\t<\/div>\n\t\t\t\t\t<\/div>\n\t\t\t\t<\/div>\n\t\t<div class=\"elementor-element elementor-element-2a356b5 e-flex e-con-boxed e-con e-parent\" data-id=\"2a356b5\" data-element_type=\"container\">\n\t\t\t\t\t<div class=\"e-con-inner\">\n\t\t<div class=\"elementor-element elementor-element-35bdfb4 e-con-full e-flex e-con e-child\" data-id=\"35bdfb4\" data-element_type=\"container\">\n\t\t\t\t<div class=\"elementor-element elementor-element-148ec09 elementor-widget elementor-widget-image\" data-id=\"148ec09\" data-element_type=\"widget\" data-widget_type=\"image.default\">\n\t\t\t\t<div class=\"elementor-widget-container\">\n\t\t\t<style>\/*! elementor - v3.21.0 - 26-05-2024 *\/\n.elementor-widget-image{text-align:center}.elementor-widget-image a{display:inline-block}.elementor-widget-image a img[src$=\".svg\"]{width:48px}.elementor-widget-image img{vertical-align:middle;display:inline-block}<\/style>\t\t\t\t\t\t\t\t\t\t<img fetchpriority=\"high\" decoding=\"async\" width=\"1024\" height=\"683\" src=\"https:\/\/www.mideavysavace.cz\/wp-content\/uploads\/2024\/04\/100001382720_7-1024x683.jpg\" class=\"attachment-large size-large wp-image-296\" alt=\"\" srcset=\"https:\/\/www.mideavysavace.cz\/wp-content\/uploads\/2024\/04\/100001382720_7-1024x683.jpg 1024w, https:\/\/www.mideavysavace.cz\/wp-content\/uploads\/2024\/04\/100001382720_7-300x200.jpg 300w, https:\/\/www.mideavysavace.cz\/wp-content\/uploads\/2024\/04\/100001382720_7-768x512.jpg 768w, https:\/\/www.mideavysavace.cz\/wp-content\/uploads\/2024\/04\/100001382720_7-1536x1024.jpg 1536w, https:\/\/www.mideavysavace.cz\/wp-content\/uploads\/2024\/04\/100001382720_7-2048x1365.jpg 2048w, https:\/\/www.mideavysavace.cz\/wp-content\/uploads\/2024\/04\/100001382720_7-600x400.jpg 600w\" sizes=\"(max-width: 1024px) 100vw, 1024px\" \/>\t\t\t\t\t\t\t\t\t\t\t\t\t<\/div>\n\t\t\t\t<\/div>\n\t\t\t\t<\/div>\n\t\t<div class=\"elementor-element elementor-element-f4b1edc e-con-full e-flex e-con e-child\" data-id=\"f4b1edc\" data-element_type=\"container\">\n\t\t\t\t<div class=\"elementor-element elementor-element-fdd5bf3 elementor-widget elementor-widget-text-editor\" data-id=\"fdd5bf3\" data-element_type=\"widget\" data-widget_type=\"text-editor.default\">\n\t\t\t\t<div class=\"elementor-widget-container\">\n\t\t\t\t\t\t\t<h3 class=\"secondary-heading\" style=\"text-align: center;\">Zvl\u00e1dne i vyt\u0159\u00edt<\/h3><p style=\"text-align: center;\">Tento robotick\u00fd vysava\u010d u v\u00e1s doma nejen vysaje \u010di zamete, ale tak\u00e9 vyt\u0159e. Nab\u00edz\u00ed toti\u017e i praktick\u00fd <strong>re\u017eim mopov\u00e1n\u00ed,<\/strong> kter\u00fd vyu\u017e\u00edv\u00e1 <strong>n\u00e1dr\u017e na vodu s elektronick\u00fdm d\u00e1vkov\u00e1n\u00edm<\/strong> a t\u0159emi stupni \u010derp\u00e1n\u00ed vody. Kr\u00e1sn\u011b uklizeno tak m\u016f\u017eete m\u00edt bez jak\u00e9koliv n\u00e1mahy v ob\u00fdvac\u00edm pokoji, kuchyni i t\u0159eba koupeln\u011b.\u00a0<\/p><p style=\"text-align: center;\">Vysava\u010d je vybaven <strong>dv\u011bma odd\u011blen\u00fdmi n\u00e1dobami na prach a na vodu<\/strong>. I u n\u00e1dobky na prach p\u0159itom jist\u011b ocen\u00edte snadnou \u00fadr\u017ebu \u2013 sta\u010d\u00ed ji om\u00fdt a posl\u00e9ze ot\u0159\u00edt do sucha.<\/p>\t\t\t\t\t\t<\/div>\n\t\t\t\t<\/div>\n\t\t\t\t<\/div>\n\t\t\t\t\t<\/div>\n\t\t\t\t<\/div>\n\t\t<div class=\"elementor-element elementor-element-f98374c e-flex e-con-boxed e-con e-parent\" data-id=\"f98374c\" data-element_type=\"container\">\n\t\t\t\t\t<div class=\"e-con-inner\">\n\t\t<div class=\"elementor-element elementor-element-0cf95a2 e-con-full e-flex e-con e-child\" data-id=\"0cf95a2\" data-element_type=\"container\">\n\t\t\t\t<div class=\"elementor-element elementor-element-8ae6080 elementor-widget elementor-widget-text-editor\" data-id=\"8ae6080\" data-element_type=\"widget\" data-widget_type=\"text-editor.default\">\n\t\t\t\t<div class=\"elementor-widget-container\">\n\t\t\t\t\t\t\t<div class=\"probootstrap-heading dark\"><h3 class=\"secondary-heading\" style=\"text-align: center;\">R\u016fzn\u00e9 mo\u017enosti\u00a0ovl\u00e1d\u00e1n\u00ed<\/h3><p style=\"text-align: center;\">Vzhledem k tomu, \u017ee je tento robotick\u00fd vysava\u010d kompatibiln\u00ed s technologi\u00ed <strong>Wi-Fi<\/strong>, m\u016f\u017eete jej jednodu\u0161e p\u0159ipojit ke sv\u00e9 dom\u00e1c\u00ed bezdr\u00e1tov\u00e9 s\u00edti. Jakmile tak u\u010din\u00edte, m\u016f\u017eete ho sp\u00e1rovat se sv\u00fdm chytr\u00fdm telefonem \u010di tabletem a pot\u00e9 mu d\u00e1vat pokyny prost\u0159ednictv\u00edm <strong>mobiln\u00ed aplikace<\/strong>. Krom\u011b toho je spot\u0159ebi\u010d kompatibiln\u00ed i s asistenty, jako je <strong>Amazon Alexa<\/strong> \u010di <strong>Google Assistant<\/strong>, a tak ho m\u016f\u017eete ovl\u00e1dat i sv\u00fdm hlasem. V neposledn\u00ed \u0159ad\u011b pak k n\u011bmu dostanete i klasick\u00e9 <strong>d\u00e1lkov\u00e9 ovl\u00e1d\u00e1n\u00ed<\/strong>, jeho\u017e prost\u0159ednictv\u00edm ho m\u016f\u017eete obsluhovat na d\u00e1lku i bez mobilu \u2013 t\u0159eba z gau\u010de \u010di postele.\u00a0<\/p><p style=\"text-align: center;\">Ve zm\u00edn\u011bn\u00e9 chytr\u00e9 mobiln\u00ed aplikaci m\u00e1te mo\u017enost regulovat v\u00fdkon s\u00e1n\u00ed a d\u00e1vkov\u00e1n\u00ed vody, upravovat mapu \u00faklidu i t\u0159eba pl\u00e1novat dobu, kdy se m\u00e1 vysava\u010d vydat do akce.<\/p><\/div>\t\t\t\t\t\t<\/div>\n\t\t\t\t<\/div>\n\t\t\t\t<\/div>\n\t\t<div class=\"elementor-element elementor-element-bc3c847 e-con-full e-flex e-con e-child\" data-id=\"bc3c847\" data-element_type=\"container\">\n\t\t\t\t<div class=\"elementor-element elementor-element-2fc6fe1 elementor-widget elementor-widget-image\" data-id=\"2fc6fe1\" data-element_type=\"widget\" data-widget_type=\"image.default\">\n\t\t\t\t<div class=\"elementor-widget-container\">\n\t\t\t\t\t\t\t\t\t\t\t\t\t<img decoding=\"async\" width=\"500\" height=\"400\" src=\"https:\/\/www.mideavysavace.cz\/wp-content\/uploads\/2024\/02\/Ovladani.jpg\" class=\"attachment-large size-large wp-image-317\" alt=\"\" srcset=\"https:\/\/www.mideavysavace.cz\/wp-content\/uploads\/2024\/02\/Ovladani.jpg 500w, https:\/\/www.mideavysavace.cz\/wp-content\/uploads\/2024\/02\/Ovladani-300x240.jpg 300w\" sizes=\"(max-width: 500px) 100vw, 500px\" \/>\t\t\t\t\t\t\t\t\t\t\t\t\t<\/div>\n\t\t\t\t<\/div>\n\t\t\t\t<\/div>\n\t\t\t\t\t<\/div>\n\t\t\t\t<\/div>\n\t\t<div class=\"elementor-element elementor-element-e66306a e-flex e-con-boxed e-con e-parent\" data-id=\"e66306a\" data-element_type=\"container\">\n\t\t\t\t\t<div class=\"e-con-inner\">\n\t\t<div class=\"elementor-element elementor-element-5e29221 e-con-full e-flex e-con e-child\" data-id=\"5e29221\" data-element_type=\"container\">\n\t\t\t\t<div class=\"elementor-element elementor-element-f4265b0 elementor-widget elementor-widget-image\" data-id=\"f4265b0\" data-element_type=\"widget\" data-widget_type=\"image.default\">\n\t\t\t\t<div class=\"elementor-widget-container\">\n\t\t\t\t\t\t\t\t\t\t\t\t\t<img decoding=\"async\" width=\"300\" height=\"300\" src=\"https:\/\/www.mideavysavace.cz\/wp-content\/uploads\/2024\/02\/100001382720_13-300x300.jpg\" class=\"attachment-medium size-medium wp-image-322\" alt=\"\" srcset=\"https:\/\/www.mideavysavace.cz\/wp-content\/uploads\/2024\/02\/100001382720_13-300x300.jpg 300w, https:\/\/www.mideavysavace.cz\/wp-content\/uploads\/2024\/02\/100001382720_13-1024x1024.jpg 1024w, https:\/\/www.mideavysavace.cz\/wp-content\/uploads\/2024\/02\/100001382720_13-150x150.jpg 150w, https:\/\/www.mideavysavace.cz\/wp-content\/uploads\/2024\/02\/100001382720_13-768x768.jpg 768w, https:\/\/www.mideavysavace.cz\/wp-content\/uploads\/2024\/02\/100001382720_13-600x600.jpg 600w, https:\/\/www.mideavysavace.cz\/wp-content\/uploads\/2024\/02\/100001382720_13-100x100.jpg 100w, https:\/\/www.mideavysavace.cz\/wp-content\/uploads\/2024\/02\/100001382720_13.jpg 1500w\" sizes=\"(max-width: 300px) 100vw, 300px\" \/>\t\t\t\t\t\t\t\t\t\t\t\t\t<\/div>\n\t\t\t\t<\/div>\n\t\t\t\t<\/div>\n\t\t<div class=\"elementor-element elementor-element-e28c2b5 e-con-full e-flex e-con e-child\" data-id=\"e28c2b5\" data-element_type=\"container\">\n\t\t\t\t<div class=\"elementor-element elementor-element-42c4785 elementor-widget elementor-widget-text-editor\" data-id=\"42c4785\" data-element_type=\"widget\" data-widget_type=\"text-editor.default\">\n\t\t\t\t<div class=\"elementor-widget-container\">\n\t\t\t\t\t\t\t<div class=\"probootstrap-heading dark\"><h3 class=\"secondary-heading\" style=\"text-align: center;\">29 senzor\u016f\u00a0pro lep\u0161\u00ed orientaci<\/h3><p style=\"text-align: center;\">Po\u0159i\u010fte si robotick\u00fd vysava\u010d Midea i5C a nechte se oslnit t\u00edm, jak skv\u011ble se dok\u00e1\u017ee tento modern\u00ed spot\u0159ebi\u010d ve va\u0161\u00ed dom\u00e1cnosti orientovat. Jako doma se u v\u00e1s chov\u00e1 z\u00e1sluhou <strong>29 r\u016fzn\u00fdch senzor\u016f<\/strong>, kter\u00e9 ho <strong>chr\u00e1n\u00ed p\u0159ed koliz\u00ed s n\u00e1bytkem a jin\u00fdmi p\u0159ek\u00e1\u017ekami<\/strong> i t\u0159eba <strong>p\u0159ed p\u00e1dem ze schod\u016f<\/strong>.<\/p><\/div>\t\t\t\t\t\t<\/div>\n\t\t\t\t<\/div>\n\t\t\t\t<\/div>\n\t\t\t\t\t<\/div>\n\t\t\t\t<\/div>\n\t\t<div class=\"elementor-element elementor-element-fcff731 e-flex e-con-boxed e-con e-parent\" data-id=\"fcff731\" data-element_type=\"container\" data-settings=\"{&quot;background_background&quot;:&quot;classic&quot;}\">\n\t\t\t\t\t<div class=\"e-con-inner\">\n\t\t<div class=\"elementor-element elementor-element-3c388fd e-con-full e-flex e-con e-child\" data-id=\"3c388fd\" data-element_type=\"container\">\n\t\t\t\t<div class=\"elementor-element elementor-element-79a919c elementor-widget elementor-widget-text-editor\" data-id=\"79a919c\" data-element_type=\"widget\" data-widget_type=\"text-editor.default\">\n\t\t\t\t<div class=\"elementor-widget-container\">\n\t\t\t\t\t\t\t<h3 style=\"text-align: center;\">SNADN\u00c9 OVL\u00c1D\u00c1N\u00cd<\/h3><p style=\"text-align: center;\">\u2022 P\u0159ipojen\u00ed k Wifi <br \/>\u2022 Ovl\u00e1d\u00e1n\u00ed p\u0159es aplikaci, hlasov\u00fd asistent nebo d\u00e1lkov\u00fdm ovlada\u010dem<\/p><p style=\"text-align: center;\">\u2022 Gyroskopick\u00e1 navigace nov\u00e9 generace<br \/>\u2022 Pl\u00e1nov\u00e1n\u00ed \u00faklidu<\/p>\t\t\t\t\t\t<\/div>\n\t\t\t\t<\/div>\n\t\t\t\t<\/div>\n\t\t<div class=\"elementor-element elementor-element-b7b1fab e-con-full e-flex e-con e-child\" data-id=\"b7b1fab\" data-element_type=\"container\">\n\t\t\t\t<div class=\"elementor-element elementor-element-e8fb0bf elementor-widget elementor-widget-image\" data-id=\"e8fb0bf\" data-element_type=\"widget\" data-widget_type=\"image.default\">\n\t\t\t\t<div class=\"elementor-widget-container\">\n\t\t\t\t\t\t\t\t\t\t\t\t\t<img loading=\"lazy\" decoding=\"async\" width=\"500\" height=\"441\" src=\"https:\/\/www.mideavysavace.cz\/wp-content\/uploads\/2024\/02\/i5c_5_1.jpg\" class=\"attachment-large size-large wp-image-418\" alt=\"\" srcset=\"https:\/\/www.mideavysavace.cz\/wp-content\/uploads\/2024\/02\/i5c_5_1.jpg 500w, https:\/\/www.mideavysavace.cz\/wp-content\/uploads\/2024\/02\/i5c_5_1-300x265.jpg 300w\" sizes=\"(max-width: 500px) 100vw, 500px\" \/>\t\t\t\t\t\t\t\t\t\t\t\t\t<\/div>\n\t\t\t\t<\/div>\n\t\t\t\t<\/div>\n\t\t<div class=\"elementor-element elementor-element-1d80608 e-con-full e-flex e-con e-child\" data-id=\"1d80608\" data-element_type=\"container\">\n\t\t\t\t<div class=\"elementor-element elementor-element-38d4444 elementor-widget elementor-widget-text-editor\" data-id=\"38d4444\" data-element_type=\"widget\" data-widget_type=\"text-editor.default\">\n\t\t\t\t<div class=\"elementor-widget-container\">\n\t\t\t\t\t\t\t<h3 style=\"text-align: center;\">CHYTR\u00c9 SENZORY<\/h3><p style=\"text-align: center;\">\u2022 Senzory proti p\u00e1du a n\u00e1razu <br \/>\u2022 P\u0159ejede p\u0159ek\u00e1\u017eky a\u017e do v\u00fd\u0161ky 17 mm<\/p>\t\t\t\t\t\t<\/div>\n\t\t\t\t<\/div>\n\t\t\t\t<\/div>\n\t\t<div class=\"elementor-element elementor-element-ca0478a e-con-full e-flex e-con e-child\" data-id=\"ca0478a\" data-element_type=\"container\">\n\t\t\t\t<div class=\"elementor-element elementor-element-55be137 elementor-widget elementor-widget-image\" data-id=\"55be137\" data-element_type=\"widget\" data-widget_type=\"image.default\">\n\t\t\t\t<div class=\"elementor-widget-container\">\n\t\t\t\t\t\t\t\t\t\t\t\t\t<img loading=\"lazy\" decoding=\"async\" width=\"300\" height=\"300\" src=\"https:\/\/www.mideavysavace.cz\/wp-content\/uploads\/2024\/02\/m7pro_2.jpg\" class=\"attachment-large size-large wp-image-404\" alt=\"\" srcset=\"https:\/\/www.mideavysavace.cz\/wp-content\/uploads\/2024\/02\/m7pro_2.jpg 300w, https:\/\/www.mideavysavace.cz\/wp-content\/uploads\/2024\/02\/m7pro_2-150x150.jpg 150w, https:\/\/www.mideavysavace.cz\/wp-content\/uploads\/2024\/02\/m7pro_2-100x100.jpg 100w\" sizes=\"(max-width: 300px) 100vw, 300px\" \/>\t\t\t\t\t\t\t\t\t\t\t\t\t<\/div>\n\t\t\t\t<\/div>\n\t\t\t\t<\/div>\n\t\t<div class=\"elementor-element elementor-element-c219f80 e-con-full e-flex e-con e-child\" data-id=\"c219f80\" data-element_type=\"container\">\n\t\t\t\t<div class=\"elementor-element elementor-element-0cc7fd2 elementor-widget elementor-widget-text-editor\" data-id=\"0cc7fd2\" data-element_type=\"widget\" data-widget_type=\"text-editor.default\">\n\t\t\t\t<div class=\"elementor-widget-container\">\n\t\t\t\t\t\t\t<h3 style=\"text-align: center;\">PLN\u011a AUTOMATIZOVAN\u00dd<\/h3><p style=\"text-align: center;\">\u2022 Automatick\u00e9 nab\u00edjen\u00ed <br \/>\u2022 Elektronicky ovl\u00e1dan\u00fd z\u00e1sobn\u00edk na vodu<\/p>\t\t\t\t\t\t<\/div>\n\t\t\t\t<\/div>\n\t\t\t\t<\/div>\n\t\t<div class=\"elementor-element elementor-element-0b281b2 e-con-full e-flex e-con e-child\" data-id=\"0b281b2\" data-element_type=\"container\">\n\t\t\t\t<div class=\"elementor-element elementor-element-dfe1a76 elementor-widget elementor-widget-image\" data-id=\"dfe1a76\" data-element_type=\"widget\" data-widget_type=\"image.default\">\n\t\t\t\t<div class=\"elementor-widget-container\">\n\t\t\t\t\t\t\t\t\t\t\t\t\t<img loading=\"lazy\" decoding=\"async\" width=\"1024\" height=\"1024\" src=\"https:\/\/www.mideavysavace.cz\/wp-content\/uploads\/2024\/02\/100001382720_14-1024x1024.jpg\" class=\"attachment-large size-large wp-image-419\" alt=\"\" srcset=\"https:\/\/www.mideavysavace.cz\/wp-content\/uploads\/2024\/02\/100001382720_14-1024x1024.jpg 1024w, https:\/\/www.mideavysavace.cz\/wp-content\/uploads\/2024\/02\/100001382720_14-300x300.jpg 300w, https:\/\/www.mideavysavace.cz\/wp-content\/uploads\/2024\/02\/100001382720_14-150x150.jpg 150w, https:\/\/www.mideavysavace.cz\/wp-content\/uploads\/2024\/02\/100001382720_14-768x768.jpg 768w, https:\/\/www.mideavysavace.cz\/wp-content\/uploads\/2024\/02\/100001382720_14-600x600.jpg 600w, https:\/\/www.mideavysavace.cz\/wp-content\/uploads\/2024\/02\/100001382720_14-100x100.jpg 100w, https:\/\/www.mideavysavace.cz\/wp-content\/uploads\/2024\/02\/100001382720_14.jpg 1500w\" sizes=\"(max-width: 1024px) 100vw, 1024px\" \/>\t\t\t\t\t\t\t\t\t\t\t\t\t<\/div>\n\t\t\t\t<\/div>\n\t\t\t\t<\/div>\n\t\t\t\t\t<\/div>\n\t\t\t\t<\/div>\n\t\t\t\t<\/div>\n\t\t","protected":false},"excerpt":{"rendered":"<ul>\n<li>robotick\u00fd vysava\u010d s re\u017eimem vys\u00e1v\u00e1n\u00ed a mopov\u00e1n\u00ed<\/li>\n<li>doba \u00faklidu a\u017e 90 minut (baterie 2600 mAh)<\/li>\n<li>senzory proti p\u00e1du a n\u00e1razu (celkem 29 senzor\u016f)<\/li>\n<li>gyroskopick\u00e1 navigace Gyro 3.0<\/li>\n<li>Wi-Fi, ovl\u00e1d\u00e1n\u00ed pomoc\u00ed mobiln\u00ed aplikace \u2013 <a href=\"http:\/\/www.mideavysavace.cz\/wp-content\/uploads\/2024\/03\/QR_aplikace_CZ.jpg\">ke sta\u017een\u00ed zde<\/a><\/li>\n<li>podpora hlasov\u00e9ho ovl\u00e1d\u00e1n\u00ed (Google Assistant, Amazon Alexa)<\/li>\n<li>elektronicky ovl\u00e1dan\u00fd z\u00e1sobn\u00edk na vodu<\/li>\n<li>p\u0159ekon\u00e1n\u00ed p\u0159ek\u00e1\u017eky do v\u00fd\u0161ky 1,5 cm<\/li>\n<li>velikost uklizen\u00e9 plochy a\u017e 100 m2<\/li>\n<li>sac\u00ed s\u00edla 4000 Pa (3 \u00farovn\u011b)<\/li>\n<\/ul>\n","protected":false},"featured_media":152,"template":"","meta":{"site-sidebar-layout":"default","site-content-layout":"","ast-site-content-layout":"default","site-content-style":"default","site-sidebar-style":"default","ast-global-header-display":"","ast-banner-title-visibility":"","ast-main-header-display":"","ast-hfb-above-header-display":"","ast-hfb-below-header-display":"","ast-hfb-mobile-header-display":"disabled","site-post-title":"disabled","ast-breadcrumbs-content":"disabled","ast-featured-img":"disabled","footer-sml-layout":"disabled","theme-transparent-header-meta":"default","adv-header-id-meta":"","stick-header-meta":"","header-above-stick-meta":"","header-main-stick-meta":"","header-below-stick-meta":"","astra-migrate-meta-layouts":"set","ast-page-background-enabled":"default","ast-page-background-meta":{"desktop":{"background-color":"var(--ast-global-color-4)","background-image":"","background-repeat":"repeat","background-position":"center center","background-size":"auto","background-attachment":"scroll","background-type":"","background-media":"","overlay-type":"","overlay-color":"","overlay-gradient":""},"tablet":{"background-color":"","background-image":"","background-repeat":"repeat","background-position":"center center","background-size":"auto","background-attachment":"scroll","background-type":"","background-media":"","overlay-type":"","overlay-color":"","overlay-gradient":""},"mobile":{"background-color":"","background-image":"","background-repeat":"repeat","background-position":"center center","background-size":"auto","background-attachment":"scroll","background-type":"","background-media":"","overlay-type":"","overlay-color":"","overlay-gradient":""}},"ast-content-background-meta":{"desktop":{"background-color":"var(--ast-global-color-5)","background-image":"","background-repeat":"repeat","background-position":"center center","background-size":"auto","background-attachment":"scroll","background-type":"","background-media":"","overlay-type":"","overlay-color":"","overlay-gradient":""},"tablet":{"background-color":"var(--ast-global-color-5)","background-image":"","background-repeat":"repeat","background-position":"center center","background-size":"auto","background-attachment":"scroll","background-type":"","background-media":"","overlay-type":"","overlay-color":"","overlay-gradient":""},"mobile":{"background-color":"var(--ast-global-color-5)","background-image":"","background-repeat":"repeat","background-position":"center center","background-size":"auto","background-attachment":"scroll","background-type":"","background-media":"","overlay-type":"","overlay-color":"","overlay-gradient":""}}},"product_brand":[],"product_cat":[24],"product_tag":[],"class_list":{"0":"post-151","1":"product","2":"type-product","3":"status-publish","4":"has-post-thumbnail","6":"product_cat-roboticke-vysavace","7":"desktop-align-left","8":"tablet-align-left","9":"mobile-align-left","11":"first","12":"instock","13":"shipping-taxable","14":"product-type-simple"},"_links":{"self":[{"href":"https:\/\/www.mideavysavace.cz\/index.php?rest_route=\/wp\/v2\/product\/151","targetHints":{"allow":["GET"]}}],"collection":[{"href":"https:\/\/www.mideavysavace.cz\/index.php?rest_route=\/wp\/v2\/product"}],"about":[{"href":"https:\/\/www.mideavysavace.cz\/index.php?rest_route=\/wp\/v2\/types\/product"}],"version-history":[{"count":36,"href":"https:\/\/www.mideavysavace.cz\/index.php?rest_route=\/wp\/v2\/product\/151\/revisions"}],"predecessor-version":[{"id":708,"href":"https:\/\/www.mideavysavace.cz\/index.php?rest_route=\/wp\/v2\/product\/151\/revisions\/708"}],"wp:featuredmedia":[{"embeddable":true,"href":"https:\/\/www.mideavysavace.cz\/index.php?rest_route=\/wp\/v2\/media\/152"}],"wp:attachment":[{"href":"https:\/\/www.mideavysavace.cz\/index.php?rest_route=%2Fwp%2Fv2%2Fmedia&parent=151"}],"wp:term":[{"taxonomy":"product_brand","embeddable":true,"href":"https:\/\/www.mideavysavace.cz\/index.php?rest_route=%2Fwp%2Fv2%2Fproduct_brand&post=151"},{"taxonomy":"product_cat","embeddable":true,"href":"https:\/\/www.mideavysavace.cz\/index.php?rest_route=%2Fwp%2Fv2%2Fproduct_cat&post=151"},{"taxonomy":"product_tag","embeddable":true,"href":"https:\/\/www.mideavysavace.cz\/index.php?rest_route=%2Fwp%2Fv2%2Fproduct_tag&post=151"}],"curies":[{"name":"wp","href":"https:\/\/api.w.org\/{rel}","templated":true}]}}